{"id":90,"date":"2015-08-21T12:44:20","date_gmt":"2015-08-21T18:44:20","guid":{"rendered":"http:\/\/www.joacomputacion.com\/?page_id=90"},"modified":"2018-09-05T16:58:50","modified_gmt":"2018-09-05T22:58:50","slug":"intehotel-mr","status":"publish","type":"page","link":"https:\/\/www.staging.joacomputacion.com\/index.php\/intehotel-mr\/","title":{"rendered":"InteHotel (mr)"},"content":{"rendered":"<div id=\"metaslider-id-679\" style=\"width: 100%;\" class=\"ml-slider-3-90-1 metaslider metaslider-flex metaslider-679 ml-slider ms-theme-default\" role=\"region\" aria-roledescription=\"Slideshow\" aria-label=\"intehotel\">\n    <div id=\"metaslider_container_679\">\n        <div id=\"metaslider_679\">\n            <ul class='slides'>\n                <li style=\"display: block; width: 100%;\" class=\"slide-209 ms-image \" aria-roledescription=\"slide\" aria-label=\"slide-209\"><a href=\"http:\/\/www.joacomputacion.com\/index.php\/intehotel-mr\/\" target=\"_self\"><img loading=\"lazy\" decoding=\"async\" src=\"https:\/\/www.staging.joacomputacion.com\/wp-content\/uploads\/2015\/08\/slider-nuevo-2.jpg\" height=\"760\" width=\"2400\" alt=\"\" class=\"slider-679 slide-209\" \/><\/a><\/li>\n            <\/ul>\n        <\/div>\n        \n    <\/div>\n<\/div>\n<h2><a href=\"http:\/\/www.joacomputacion.com\/wp-content\/uploads\/2015\/08\/intehotel.jpg\"><img loading=\"lazy\" decoding=\"async\" class=\"alignnone size-full wp-image-294\" src=\"http:\/\/www.joacomputacion.com\/wp-content\/uploads\/2015\/08\/intehotel.jpg\" alt=\"intehotel\" width=\"162\" height=\"150\" \/><\/a><\/h2>\n\r\n\t\t\t<div class='tabs-left et_sliderfx_fade et_sliderauto_false et_sliderauto_speed_5000 et_slidertype_left_tabs clearfix'>\r\n\t\t\t\t<div class='et_left_tabs_bg'><\/div>\r\n\t\t\t\t<ul class='et-tabs-control'>\r\n\t\t\t<li><a href='#'>\r\n\t\t\tReservaciones\r\n\t\t<\/a><\/li> \r\n\t\t<li><a href='#'>\r\n\t\t\tRecepci\u00f3n (<em>check in<\/em> y <em>check out<\/em>)\r\n\t\t<\/a><\/li> \r\n\t\t<li><a href='#'>\r\n\t\t\tAma de llaves\r\n\t\t<\/a><\/li> \r\n\t\t<li><a href='#'>\r\n\t\t\tP\u00f3liza contable diaria y auditoria nocturna\r\n\t\t<\/a><\/li> \r\n\t\t<li><a href='#'>\r\n\t\t\tTarificador telef\u00f3nico\r\n\t\t<\/a><\/li> \r\n\t\t<li><a href='#'>\r\n\t\t\tDetector autom\u00e1tico de cargos de restaurante\r\n\t\t<\/a><\/li> \r\n\t\t<li><a href='#'>\r\n\t\t\tEstad\u00edsticas hist\u00f3ricas\r\n\t\t<\/a><\/li> \r\n\t\t<li><a href='#'>\r\n\t\t\tSeguridad\r\n\t\t<\/a><\/li>\r\n\t\t<\/ul> <!-- .et-tabs-control --> \r\n\t\t<div class='et-tabs-content'>\r\n\t\t\t<div class='et-tabs-content-main-wrap'>\r\n\t\t\t\t<div class='et-tabs-content-wrapper'>\r\n\t\t\t\t\t<div class='et_slidecontent'>\r\n\t\t\t<ul>\n<li>Control de disponibilidad de habitaciones a partir de hu\u00e9spedes en el hotel y reservaciones futuras<\/li>\n<li>Bases de datos de clientes<\/li>\n<li>Bases de datos de grupos<\/li>\n<li>Tipos de habitaci\u00f3n (capacidad m\u00ednima y m\u00e1xima)<\/li>\n<li>Temporadas<\/li>\n<li>Seguridad<\/li>\n<li>5 tipos de tarifas por tipo de habitaci\u00f3n en funci\u00f3n de costo por habitaci\u00f3n y costo por persona extra<\/li>\n<li>Forma de confirmaci\u00f3n de reservaciones<\/li>\n<li>Lista de hu\u00e9spedes por reservaci\u00f3n<\/li>\n<li>Ver el \u00edndice de ocupaci\u00f3n del hotel por tipo de cuarto para un per\u00edodo de tiempo elegido por el usuario.<\/li>\n<li>Observar la disponibilidad de cuartos para un per\u00edodo de tiempo y tipo de habitaci\u00f3n.<\/li>\n<li>Generaci\u00f3n autom\u00e1tica de un n\u00famero<\/li>\n<\/ul>\r\n\t\t<\/div>\n\r\n\t\t<div class='et_slidecontent'>\r\n\t\t\t<ul>\n<li>Recepci\u00f3n de hu\u00e9spedes (impresi\u00f3n de formas de pre-registro).<\/li>\n<li>Registro de consumos. InteHotel est\u00e1 preparado para leer la informaci\u00f3n de aparatos electr\u00f3nicos, como: conmutadores telef\u00f3nicos, consumos de restaurante desde InteRest. (InteRest. Se debe adquirir por separado), etc.<\/li>\n<li>Abonos a estados de cuenta<\/li>\n<li>Impresi\u00f3n de estados de cuenta de la habitaci\u00f3n o de una persona \u00a0en particular.<\/li>\n<li>Consolidaci\u00f3n de cuentas para salida grupal con facturaci\u00f3n incluida.<\/li>\n<li>Facturaci\u00f3n por conceptos y\/o por persona<\/li>\n<li>Configuraci\u00f3n de la factura por el usuario *<\/li>\n<li>Impresi\u00f3n de recibos a hu\u00e9spedes<\/li>\n<li>Corte de turno con impresi\u00f3n de reportes de auditor\u00eda (formas de pago, clientes que salieron, clientes que llegaron, folios abiertos, saldos, resumen de movimientos del d\u00eda). El usuario define la hora en la que puede hacer su cierre del d\u00eda y generaci\u00f3n de rentas.<\/li>\n<li>Opci\u00f3n a cargo autom\u00e1tico de renta del primer d\u00eda al dar <em>check in<\/em>.<\/li>\n<li>Listas de clientes por llegar<\/li>\n<li>Lista de clientes por salir<\/li>\n<li>Lista de clientes que no llegaron<\/li>\n<li>Lista de clientes que no salieron<\/li>\n<li>Lista de clientes sin cr\u00e9dito<\/li>\n<li>Lista de habitaciones ocupadas<\/li>\n<li>Lista de habitaciones en mantenimiento<\/li>\n<li>Capturas de formas de pago<\/li>\n<\/ul>\n<p>* La configuraci\u00f3n de la factura est\u00e1 sujeta a las limitantes del sistema.<\/p>\r\n\t\t<\/div>\n\r\n\t\t<div class='et_slidecontent'>\r\n\t\t\t<p>La funci\u00f3n de ama de llaves permite agilizar el buen servicio al hu\u00e9sped y detecci\u00f3n de mal uso de sus habitaciones, mediante:<\/p>\n<ul>\n<li>Definir estados para las habitaciones<\/li>\n<li>Cambiar los estados de las habitaciones<\/li>\n<li>Reportes para ama de llaves<\/li>\n<\/ul>\r\n\t\t<\/div>\n\r\n\t\t<div class='et_slidecontent'>\r\n\t\t\t<ul>\n<li>Cargos autom\u00e1ticos de rentas<\/li>\n<li>Resumen de movimientos por tipo de servicio<\/li>\n<li>Resumen de movimientos por forma de pago<\/li>\n<li>Resumen de ingresos del d\u00eda<\/li>\n<li>Detalle de movimientos por habitaci\u00f3n<\/li>\n<li>Distinci\u00f3n entre rentas autom\u00e1ticas y manuales<\/li>\n<li>Separaci\u00f3n de impuestos: IVA, ivbss, impuesto de hospedaje<\/li>\n<li>Distinga el impuesto de hospedaje a hu\u00e9spedes nacionales y extranjeros como marca la ley para ciertos estados<\/li>\n<li>Audite las funciones de jefes de recepci\u00f3n y recepcionistas<\/li>\n<li>Foliaci\u00f3n autom\u00e1tica de movimientos para su f\u00e1cil auditor\u00eda<\/li>\n<\/ul>\r\n\t\t<\/div>\n\r\n\t\t<div class='et_slidecontent'>\r\n\t\t\t<p>InteHotel realizar\u00e1 el cargo autom\u00e1tico de las llamadas de los hu\u00e9spedes ya que la interfase con su conmutador telef\u00f3nico o cualquier otro equipo electr\u00f3nico es totalmente factible. Actualmente InteHotel (mr) cuenta con interfase con las principales marcas de conmutadores del mercado.\nJoa Computaci\u00f3n es el fabricante de InteHotel (mr) lo que le permitir\u00e1 tener la confianza de que no va a parar a la mitad del camino por falta de apoyo t\u00e9cnico en un cambio tecnol\u00f3gico o en el marco legislativo o fiscal.<\/p>\r\n\t\t<\/div>\n\r\n\t\t<div class='et_slidecontent'>\r\n\t\t\t<p>InteHotel (mr) e InteRest (mr) prev\u00e9n la realizaci\u00f3n de cargos autom\u00e1ticos a los estados de cuenta de habitaciones o a cuentas abiertas de ingresos diversos.<\/p>\r\n\t\t<\/div>\n\r\n\t\t<div class='et_slidecontent'>\r\n\t\t\t<p>Si tiene necesidad de generar informaci\u00f3n de su hotel, la secci\u00f3n de reportes de InteHotel (mr) cuenta con una amplia variedad de informaci\u00f3n estad\u00edstica y operativa que van a cumplir ampliamente sus expectativas.<\/p>\r\n\t\t<\/div>\n\r\n\t\t<div class='et_slidecontent'>\r\n\t\t\t<p>\u00bfLe preocupan los niveles de acceso a su informaci\u00f3n?<\/p>\n<p>\u00a1No tiene por qu\u00e9 preocuparse!<\/p>\n<p>Definici\u00f3n de claves de acceso por usuario y pantallas a las que tiene acceso: supervisores, gerentes, recepcionistas, personal de reservaciones, auditor nocturno, ama de llaves.<\/p>\n<p>Adicionalmente, mediante el configurador de InteHotel (mr) usted podr\u00e1 definir funciones espec\u00edficas por tipo de usuario.<\/p>\n<p>Por ejemplo, si su personal de recepci\u00f3n no es independiente del personal de reservaciones, habilite que el personal de recepci\u00f3n pueda hacer reservaciones. O bien, si lo cree conveniente, desactive esta funci\u00f3n. (S\u00f3lo el usuario con m\u00e1s alta prioridad puede configurar estas caracter\u00edsticas de InteHotel (mr).<\/p>\r\n\t\t<\/div>\r\n\t\t\t\t<\/div>\r\n\t\t\t<\/div>\r\n\t\t<\/div>\r\n\t\t\t<\/div> <!-- .tabs-left -->\n<p><div class='one_half'>\r\n\t\t\t\t\t<iframe loading=\"lazy\" src=\"https:\/\/www.youtube.com\/embed\/7sM0BOQv-Qc?rel=0\" width=\"420\" height=\"315\" frameborder=\"0\" allowfullscreen=\"allowfullscreen\"><\/iframe>\r\n\t\t\t\t<\/div><div class='one_half last'>\r\n\t\t\t\t\t<iframe loading=\"lazy\" src=\"https:\/\/www.youtube.com\/embed\/pJXjgYsLGsM?rel=0\" width=\"420\" height=\"315\" frameborder=\"0\" allowfullscreen=\"allowfullscreen\"><\/iframe>\r\n\t\t\t\t<\/div><div class='clear'><\/div><\/p>\n","protected":false},"excerpt":{"rendered":"","protected":false},"author":1,"featured_media":0,"parent":0,"menu_order":0,"comment_status":"open","ping_status":"closed","template":"","meta":{"footnotes":""},"class_list":["post-90","page","type-page","status-publish","hentry"],"_links":{"self":[{"href":"https:\/\/www.staging.joacomputacion.com\/index.php\/wp-json\/wp\/v2\/pages\/90"}],"collection":[{"href":"https:\/\/www.staging.joacomputacion.com\/index.php\/wp-json\/wp\/v2\/pages"}],"about":[{"href":"https:\/\/www.staging.joacomputacion.com\/index.php\/wp-json\/wp\/v2\/types\/page"}],"author":[{"embeddable":true,"href":"https:\/\/www.staging.joacomputacion.com\/index.php\/wp-json\/wp\/v2\/users\/1"}],"replies":[{"embeddable":true,"href":"https:\/\/www.staging.joacomputacion.com\/index.php\/wp-json\/wp\/v2\/comments?post=90"}],"version-history":[{"count":45,"href":"https:\/\/www.staging.joacomputacion.com\/index.php\/wp-json\/wp\/v2\/pages\/90\/revisions"}],"predecessor-version":[{"id":680,"href":"https:\/\/www.staging.joacomputacion.com\/index.php\/wp-json\/wp\/v2\/pages\/90\/revisions\/680"}],"wp:attachment":[{"href":"https:\/\/www.staging.joacomputacion.com\/index.php\/wp-json\/wp\/v2\/media?parent=90"}],"curies":[{"name":"wp","href":"https:\/\/api.w.org\/{rel}","templated":true}]}}