{"id":74,"date":"2015-08-21T11:45:28","date_gmt":"2015-08-21T17:45:28","guid":{"rendered":"http:\/\/www.joacomputacion.com\/?page_id=74"},"modified":"2024-08-06T14:14:24","modified_gmt":"2024-08-06T20:14:24","slug":"interest-mr","status":"publish","type":"page","link":"https:\/\/www.staging.joacomputacion.com\/index.php\/interest-mr\/","title":{"rendered":"InteRest (mr)"},"content":{"rendered":"<div id=\"metaslider-id-672\" style=\"width: 100%;\" class=\"ml-slider-3-90-1 metaslider metaslider-flex metaslider-672 ml-slider ms-theme-default\" role=\"region\" aria-roledescription=\"Slideshow\" aria-label=\"interest\">\n    <div id=\"metaslider_container_672\">\n        <div id=\"metaslider_672\">\n            <ul class='slides'>\n                <li style=\"display: block; width: 100%;\" class=\"slide-208 ms-image \" aria-roledescription=\"slide\" aria-label=\"slide-208\"><a href=\"http:\/\/www.joacomputacion.com\/index.php\/interest-mr\/\" target=\"_self\"><img loading=\"lazy\" decoding=\"async\" src=\"https:\/\/www.staging.joacomputacion.com\/wp-content\/uploads\/2015\/08\/slider-nuevo-1-.jpg\" height=\"760\" width=\"2400\" alt=\"\" class=\"slider-672 slide-208\" \/><\/a><\/li>\n            <\/ul>\n        <\/div>\n        \n    <\/div>\n<\/div>\n<h2><a href=\"http:\/\/www.joacomputacion.com\/wp-content\/uploads\/2015\/08\/restaurante-e1441676868314.png\"><img loading=\"lazy\" decoding=\"async\" class=\"alignnone size-full wp-image-279\" src=\"http:\/\/www.joacomputacion.com\/wp-content\/uploads\/2015\/08\/restaurante-e1441676868314.png\" alt=\"restaurante\" width=\"162\" height=\"150\" \/><\/a><\/h2>\n\r\n\t\t\t<div class='et-tabs-container et_sliderfx_fade et_sliderauto_false et_sliderauto_speed_5000 et_slidertype_top_tabs'>\r\n\t\t\t\t<p>\r\n\t\t<ul class='et-tabs-control'>\r\n\t\t\t<li><a href='#'>\r\n\t\t\tDescripci\u00f3n\r\n\t\t<\/a><\/li> \r\n\t\t<li><a href='#'>\r\n\t\t\tVersiones\r\n\t\t<\/a><\/li> \r\n\t\t<li><a href='#'>\r\n\t\t\tTabla comparativa\r\n\t\t<\/a><\/li> \r\n\t\t<li><a href='#'>\r\n\t\t\tM\u00f3dulos adicionales\r\n\t\t<\/a><\/li>\u00a0\r\n\t\t<li><a href='#'>\r\n\t\t\tVideo\r\n\t\t<\/a><\/li>\r\n\t\t<\/ul> <!-- .et-tabs-control --> \r\n\t\t<div class='et-tabs-content'>\r\n\t\t\t<div class='et-tabs-content-main-wrap'>\r\n\t\t\t\t<div class='et-tabs-content-wrapper'>\r\n\t\t\t\t\t<div class='et_slidecontent'>\r\n\t\t\t<p><strong>Descripci\u00f3n global de InteRest (mr)<\/strong><\/p>\n<p><meta name=\"description\" content=\"InteRest es un software de gesti\u00f3n para restaurantes, cadenas, panader\u00edas, cafeter\u00edas, helader\u00edas, que optimiza el control operativo, reduce costos y evita fugas de inventario. Descubra sus m\u00f3dulos y beneficios.\"><\/p>\n<p><strong>InteRest (mr)<\/strong>: es software para restaurantes desarrollado con base en la experiencia brindada por destacados e importantes empresarios gastron\u00f3micos, para lograr un mayor y mejor control de los puntos b\u00e1sicos que integran el control operativo de un restaurante, de un bar o de cualquier \u00e1rea relacionada con \u00a0alimentos y\/o bebidas. Atendemos a cadenas, restaurantes, fast food, taquer\u00edas,cafeter\u00edas, helader\u00edas, panader\u00edas, y m\u00e1s.<\/p>\n<p><strong>Con InteRest (mr)<\/strong> tendr\u00e1s los m\u00f3dulos b\u00e1sicos de:<\/p>\n<ul>\n<li>Punto de venta<\/li>\n<li>Inventarios y costos<\/li>\n<\/ul>\n<p>Adem\u00e1s cuenta con\u00a0m\u00f3dulos adicionales que le permitir\u00e1n contar con una soluci\u00f3n integral.<\/p>\n<p>El principal beneficio de <strong>InteRest (mr)<\/strong> es proveer al restaurantero de un medio para reducir y luego controlar el costo operativo del restaurante. Evitar fugas, mermas y faltantes de inventario. Todo esto aunado a la amplia gama de reportes permite declarar a InteRest (mr) como el programa de mejor costo beneficio.<\/p>\n<p>En el punto de venta, las opciones que ofrece InteRest (mr) van desde las opciones tradicionales con un punto de venta hasta una red de computadoras con monitores sensibles al tacto (<em>touch screen<\/em>), impresoras en bar y cocina, monitores en bar y cocina, cuentas separadas, facturaci\u00f3n, cliente frecuente, promociones del tipo puntos para clientes, comida r\u00e1pida, servicio a domicilio y muchas opciones m\u00e1s.<\/p>\n<p>En los m\u00f3dulos costos e inventarios, InteRest (mr) permite descontar los inventarios a partir de las recetas y rendimientos de su materia prima. Lo anterior lleva a una medici\u00f3n constante del costo y permite realizar arqueos de inventarios al finalizar un turno, con lo que se pueden detectar faltantes de mercanc\u00eda y fincar responsabilidades inmediatamente.<\/p>\n<p><em><strong>\u00a1No espere m\u00e1s, p\u00f3ngale un nombre y apellido al costo de su restaurante!<\/strong><\/em><\/p>\r\n\t\t<\/div>\n\r\n\t\t<div class='et_slidecontent'>\r\n\t\t\t<p><strong>InteRest (mr),<\/strong><strong> un software al tama\u00f1o de sus necesidades<\/strong><\/p>\n<p><strong>InteRest (mr)<\/strong> cuenta con diferentes versiones para adaptarse al tama\u00f1o de sus necesidades e ir al ritmo de su crecimiento:<\/p>\n<ul>\n<li><strong>Versi\u00f3n est\u00e1ndar con opci\u00f3n a monitores <em>touch-screen<\/em>:<\/strong> versi\u00f3n multiusuario, incluye punto de venta con opci\u00f3n a monitores sensibles al tacto (<em>touch-screen<\/em>), costos e inventarios, incluye opci\u00f3n para impresoras en bar y cocina, reportes tradicionales, reportes para pron\u00f3sticos, capacitaci\u00f3n incluida, asesor\u00eda telef\u00f3nica incluida por un a\u00f1o, soporte telef\u00f3nico incluido por un a\u00f1o, actualizaci\u00f3n de versiones por un a\u00f1o.<\/li>\n<li><strong>Versi\u00f3n est\u00e1ndar sin opci\u00f3n a monitores <em>touch-screen<\/em>:<\/strong> igual que la versi\u00f3n anterior pero sin opci\u00f3n a monitores sensibles al tacto (<em>touch screen<\/em>).<\/li>\n<li><strong>Versi\u00f3n semi-est\u00e1ndar:<\/strong> incluye punto de venta con opci\u00f3n a monitor <em>touch screen<\/em>, para instalar en una sola PC para caja y una sola PC para meseros, incluye opci\u00f3n para impresoras en bar y cocina, incluye costos e inventarios para instalar en una sola PC, capacitaci\u00f3n y soporte telef\u00f3nico limitado incluido.<\/li>\n<li><strong>Versi\u00f3n para peque\u00f1os negocios:<\/strong> versi\u00f3n mono usuario, incluye punto de venta, costos e inventarios, no incluye opci\u00f3n para impresoras en bar y cocina, incluye curso grabado en CD, manuales de usuario, reportes tradicionales, capacitaci\u00f3n incluida y soporte limitado.<\/li>\n<li><strong>Versi\u00f3n intermedia:<\/strong> igual que la versi\u00f3n para peque\u00f1os negocios pero con opci\u00f3n a impresoras en bar y cocina y monitores sensibles al tacto (<em>touch screen<\/em>) para cajero.<\/li>\n<\/ul>\n<p>Cuando compre una versi\u00f3n de menor precio y crezcan sus necesidades, con <strong>InteRest (mr)<\/strong> puede crecer aprovechando su inversi\u00f3n (dentro del primer a\u00f1o de compra) y aprovechando la informaci\u00f3n ya capturada en su sistema.<\/p>\r\n\t\t<\/div>\n\r\n\t\t<div class='et_slidecontent'>\r\n\t\t\t<p>hhh<\/p>\r\n\t\t<\/div>\n\r\n\t\t<div class='et_slidecontent'>\r\n\t\t\t<ul>\n<li><strong>Kiosko de autoservicio:<\/strong> permite que tus clientes hagan pedidos en tu kiosko f\u00edsico de autoservicio y sus pedidos lleguen directo a la cocina. Reduce costos y mejora la experiencia de tus comensales.<\/li>\n<li><strong>Kiosko de autoservicio virtual:<\/strong> permite que tus clientes hagan pedidos desde su celular y sus pedidos lleguen directo a la cocina.<\/li>\n<li><strong>Recomendaciones de platillos para kiosko con IA:<\/strong> haz recomendaciones de productos en los kiosko de autoservicio. Aumenta tus ventas con Inteligancia Artificial (IA).<\/li>\n<li><strong>B\u00e1scula para inventarios:<\/strong> es un m\u00f3dulo para complementar con la parte de inventarios del programa InteRest (mr) sirve para hacer un inventario m\u00e1s preciso de las botellas abiertas del bar o de otros productos envasados que est\u00e1n abiertos y se ha consumido algo de su contenido.<\/li>\n<li><strong>Comunicaci\u00f3n de InteRest con un servidor web:<\/strong> para env\u00edo de informaci\u00f3n de ventas y\/o inventarios de las unidades al corporativo.<\/li>\n<li><strong>Lealtad:<\/strong> para acumulaci\u00f3n de puntos de clientes frecuentes en una base de datos que reside en un servidor web. Ideal para cadenas de restaurantes.<\/li>\n<li><strong>Central:<\/strong> permite centralizar la informaci\u00f3n de las unidades ventas, compras, transferencias (salidas de almac\u00e9n), salidas distintas a ventas (mermas y cr\u00e9ditos al costo), programar actualizaciones, actualizar precios (estableciendo una fecha de activaci\u00f3n), incorporar nuevos platillos, manejar conceptos de negocios distintos, lo que implica que haya catalogo de productos distintos.<\/li>\n<li><strong>P\u00f3lizas:<\/strong> es una interfase que existe entre el programa de c\u00f3mputo InteRest (mr) y los programas contables COI y Contpaq, la cual consiste en que genera un archivo con la p\u00f3liza de compras y otro con la p\u00f3liza de ventas, para ser le\u00eddo por su programa contable, evitando la doble captura.<\/li>\n<li><strong>Cuentas por cobrar y por pagar:<\/strong> este m\u00f3dulo cuenta con las siguientes funciones, control de pagos a proveedores, actualizaci\u00f3n autom\u00e1tica de saldo de proveedores al afectar compras en inventarios, propuesta de pagos e impresi\u00f3n de cheques, actualiza saldos de clientes al afectar cuentas en el punto de venta, cuentas por cobrar recurrentes, antig\u00fcedad de saldos, estados de cuenta de proveedores. (Se pueden adquirirlos por separado.)<\/li>\n<li><strong>Cuentas por cobrar con control de acceso, con huella digital o por clave (ideal para clubes):<\/strong> es un programa que ofrece tener el control de acceso de los socios y sus beneficiarios al club ya que con tan solo registrar su acci\u00f3n, el programa nos mostrar\u00e1 su foto y nos indicar\u00e1 si tiene permitido el acceso o si tiene adeudos, el programa tiene interfase con el punto de venta del programa InteRest (mr) para realizar los cargos autom\u00e1ticos de los consumos de alimentos y bebidas de los socios y se reflejen en el estado de cuenta del socio.<\/li>\n<li><strong>\u00d3rdenes de compra:<\/strong> es un m\u00f3dulo para complementar con el m\u00f3dulo de control de inventarios del programa InteRest (mr), generar pedidos a partir de la demanda de una unidad que ejecute el m\u00f3dulo de inventarios del programa InteRest (mr), a partir del c\u00e1lculo de m\u00e1ximos y puntos de reorden y el pron\u00f3stico de la demanda de cada d\u00eda, generaci\u00f3n de requisiciones a partir de pedidos, c\u00e1lculo de la demanda basada en m\u00e1ximos y puntos de reorden y el pron\u00f3stico de la demanda de cada d\u00eda, generaci\u00f3n de \u00f3rdenes de compra a partir de la adjudicaci\u00f3n autom\u00e1tica de proveedores de las requisiciones existentes en el sistema basada en precio y prioridad, captura de compras a partir de las \u00f3rdenes de compra preexistentes\n(opci\u00f3n a recibir cotizaciones por internet de sus proveedores para adjudicar \u00f3rdenes de compra al mejor postor)<\/li>\n<li><strong>Reservaciones:<\/strong> nos permite tener un control de reservaci\u00f3n de los clientes, fecha de \u00faltima visita, alimentos consumidos en las \u00faltimas 2 visitas. (Cuando sea posible obtener este dato dado que, cuando un cliente distinguido venga acompa\u00f1ado, el cajero tendr\u00e1 que tener la capacidad de identificar los alimentos consumidos por el cliente distinguido), libro de reservaciones para la recepci\u00f3n de los clientes e indicador de las mesas que est\u00e1n en postre para prever la entrada del nuevo comensal.<\/li>\n<li><strong>Monitores remotos para cocina y bar:<\/strong> este m\u00f3dulo nos permite contar con monitores en las \u00e1reas de producci\u00f3n como cocina y bar, que permiten visualizar lar \u00f3rdenes, hasta 6 \u00f3rdenes por pantalla e indica orden, mesa, sal\u00f3n y tiempo (configuraci\u00f3n de colores).<\/li>\n<li><strong>Servicio InteTicket:<\/strong> es el servicio que permite realizar funciones y administraci\u00f3n de flujos de trabajos v\u00eda internet<\/li>\n<li><strong>Servicio de traspaso de informaci\u00f3n a trav\u00e9s de un servidor web:<\/strong> alojamiento de la informaci\u00f3n de sus unidades (ventas, inventarios y lealtad) en nuestro servidor.<\/li>\n<\/ul>\r\n\t\t<\/div>\n\r\n\t\t<div class='et_slidecontent'>\r\n\t\t\t<div class='one_half'>\r\n\t\t\t\t\t<iframe loading=\"lazy\" src=\"https:\/\/www.youtube.com\/embed\/jbrstcU3J_U?rel=0\" width=\"300\" height=\"225\" frameborder=\"0\" allowfullscreen=\"allowfullscreen\"><\/iframe>\r\n\t\t\t\t<\/div><div class='one_half last'>\r\n\t\t\t\t\t<iframe loading=\"lazy\" src=\"https:\/\/www.youtube.com\/embed\/8wvucQm1Bxo?rel=0\" width=\"300\" height=\"225\" frameborder=\"0\" allowfullscreen=\"allowfullscreen\"><\/iframe>\r\n\t\t\t\t<\/div><div class='clear'><\/div><div class='one_half'>\r\n\t\t\t\t\t<iframe loading=\"lazy\" src=\"https:\/\/www.youtube.com\/embed\/7ym5GMwiDPE?rel=0\" width=\"300\" height=\"225\" frameborder=\"0\" allowfullscreen=\"allowfullscreen\"><\/iframe>\r\n\t\t\t\t<\/div><div class='one_half last'>\r\n\t\t\t\t\t<iframe loading=\"lazy\" src=\"https:\/\/www.youtube.com\/embed\/pqO0sJ5DnkA?rel=0\" width=\"300\" height=\"225\" frameborder=\"0\" allowfullscreen=\"allowfullscreen\"><\/iframe>\r\n\t\t\t\t<\/div><div class='clear'><\/div>\n<div class='one_half'>\r\n\t\t\t\t\t<iframe loading=\"lazy\" src=\"https:\/\/www.youtube.com\/embed\/KKpSEPDViIs?rel=0\" width=\"300\" height=\"225\" frameborder=\"0\" allowfullscreen=\"allowfullscreen\"><\/iframe>\r\n\t\t\t\t<\/div>\n<div class='one_half last'>\r\n\t\t\t\t\t<iframe loading=\"lazy\" src=\"https:\/\/www.youtube.com\/embed\/ALu9l9Ul9uU?rel=0\" width=\"300\" height=\"225\" frameborder=\"0\" allowfullscreen=\"allowfullscreen\"><\/iframe>\r\n\t\t\t\t<\/div><div class='clear'><\/div>\n<div class='one_half'>\r\n\t\t\t\t\t<iframe loading=\"lazy\" src=\"https:\/\/www.youtube.com\/embed\/KKpSEPDViIs?rel=0\" width=\"300\" height=\"225\" frameborder=\"0\" allowfullscreen=\"allowfullscreen\"><\/iframe>\r\n\t\t\t\t<\/div>\n<div class='one_half last'>\r\n\t\t\t\t\t\r\n\t\t\t\t<\/div><div class='clear'><\/div>\r\n\t\t<\/div>\r\n\t\t\t\t<\/div>\r\n\t\t\t<\/div>\r\n\t\t<\/div>\r\n\t\t\t<\/div> <!-- .et-tabs-container -->\n","protected":false},"excerpt":{"rendered":"","protected":false},"author":1,"featured_media":0,"parent":0,"menu_order":0,"comment_status":"open","ping_status":"closed","template":"","meta":{"footnotes":""},"class_list":["post-74","page","type-page","status-publish","hentry"],"_links":{"self":[{"href":"https:\/\/www.staging.joacomputacion.com\/index.php\/wp-json\/wp\/v2\/pages\/74"}],"collection":[{"href":"https:\/\/www.staging.joacomputacion.com\/index.php\/wp-json\/wp\/v2\/pages"}],"about":[{"href":"https:\/\/www.staging.joacomputacion.com\/index.php\/wp-json\/wp\/v2\/types\/page"}],"author":[{"embeddable":true,"href":"https:\/\/www.staging.joacomputacion.com\/index.php\/wp-json\/wp\/v2\/users\/1"}],"replies":[{"embeddable":true,"href":"https:\/\/www.staging.joacomputacion.com\/index.php\/wp-json\/wp\/v2\/comments?post=74"}],"version-history":[{"count":34,"href":"https:\/\/www.staging.joacomputacion.com\/index.php\/wp-json\/wp\/v2\/pages\/74\/revisions"}],"predecessor-version":[{"id":831,"href":"https:\/\/www.staging.joacomputacion.com\/index.php\/wp-json\/wp\/v2\/pages\/74\/revisions\/831"}],"wp:attachment":[{"href":"https:\/\/www.staging.joacomputacion.com\/index.php\/wp-json\/wp\/v2\/media?parent=74"}],"curies":[{"name":"wp","href":"https:\/\/api.w.org\/{rel}","templated":true}]}}