{"id":719,"date":"2020-01-08T18:49:04","date_gmt":"2020-01-09T00:49:04","guid":{"rendered":"http:\/\/www.joacomputacion.com\/?page_id=719"},"modified":"2020-01-08T21:14:19","modified_gmt":"2020-01-09T03:14:19","slug":"cff69b-aplicacion-para-validar-rfc-y-cfdi-si-estan-en-la-lista-negra-del-sat","status":"publish","type":"page","link":"https:\/\/www.staging.joacomputacion.com\/index.php\/cff69b-aplicacion-para-validar-rfc-y-cfdi-si-estan-en-la-lista-negra-del-sat\/","title":{"rendered":"CFF69B Aplicaci\u00f3n para validar RFC y CFDI si est\u00e1n en la lista negra del SAT"},"content":{"rendered":"<p>Con la aplicaci\u00f3n CFF69B podr\u00e1 validar si un RFC o el emisor de un CFDI est\u00e1 en la lista negra del SAT.<\/p>\n<p>Las caracter\u00edsticas de esta aplicaci\u00f3n son:<\/p>\n<p>1. Preparada para ambiente Windows con 2GB Ram como m\u00ednimo y 30 MB de espacio en disco. Requiere conexi\u00f3n a Internet.<\/p>\n<p>2. Se puede\u00a0descargar la lista actualizada de contribuyentes del Sat en cualquier momento.<\/p>\n<p>3. Podr\u00e1 validar si un RFC o el emisor de un CFDI (se requiere el archivo XML accesible) est\u00e1 en la lista de Definitivos, Desvirtuados, Presuntos, Sentencias Favorables o Listado Completo<\/p>\n<p>La aplicaci\u00f3n vale\u00a0$1,160.00 pesos mexicanos, con I.V.A. incluido, con derecho a una licencia de uso permanente para una computadora y derecho a descargar actualizaciones por un a\u00f1o.<\/p>\n<p>Puede descargar la aplicaci\u00f3n desde el FTP de JOA Computaci\u00f3n (con usuario: anonymous\u00a0 y contrase\u00f1a: anonymous) desde: <a href=\"ftp:\/\/ftp.joacomputacion.com\/CFF69B\" target=\"_blank\">Pulse aqu\u00ed<\/a><\/p>\n<p>Basta con descargar los archivos de instalaci\u00f3n en una carpeta del disco duro de su computadora y ejecutar SETUP.EXE para que se lleve a cabo la instalaci\u00f3n.<\/p>\n<p>Posteriormente, en la carpeta C:\\CFF69B de su computadora ejecutar CFF69B.EXE.\u00a0Podr\u00e1 llamar a JOA Computaci\u00f3n para pedir n\u00fameros de autorizaci\u00f3n para una prueba gratuita de 7 d\u00edas (55 5813 0236\u00a0 \u00f3 55 24524720\u00a0 con 8 l\u00edneas).<\/p>\n<p>Para mostrar la pantalla principal de la aplicaci\u00f3n <a href=\"http:\/\/www.joacomputacion.com\/?p=735\" target=\"_blank\">Pulse aqu\u00ed<\/a><\/p>\n<p>&nbsp;<\/p>\n<p>&nbsp;<\/p>\n<p>&nbsp;<\/p>\n<p>&nbsp;<\/p>\n<p>&nbsp;<\/p>\n","protected":false},"excerpt":{"rendered":"<p>Nueva aplicaci\u00f3n para validar si un RFC o el emisor de un XML est\u00e1 en la lista negra del SAT<\/p>\n","protected":false},"author":1,"featured_media":0,"parent":0,"menu_order":0,"comment_status":"open","ping_status":"closed","template":"","meta":{"footnotes":""},"class_list":["post-719","page","type-page","status-publish","hentry"],"_links":{"self":[{"href":"https:\/\/www.staging.joacomputacion.com\/index.php\/wp-json\/wp\/v2\/pages\/719"}],"collection":[{"href":"https:\/\/www.staging.joacomputacion.com\/index.php\/wp-json\/wp\/v2\/pages"}],"about":[{"href":"https:\/\/www.staging.joacomputacion.com\/index.php\/wp-json\/wp\/v2\/types\/page"}],"author":[{"embeddable":true,"href":"https:\/\/www.staging.joacomputacion.com\/index.php\/wp-json\/wp\/v2\/users\/1"}],"replies":[{"embeddable":true,"href":"https:\/\/www.staging.joacomputacion.com\/index.php\/wp-json\/wp\/v2\/comments?post=719"}],"version-history":[{"count":9,"href":"https:\/\/www.staging.joacomputacion.com\/index.php\/wp-json\/wp\/v2\/pages\/719\/revisions"}],"predecessor-version":[{"id":739,"href":"https:\/\/www.staging.joacomputacion.com\/index.php\/wp-json\/wp\/v2\/pages\/719\/revisions\/739"}],"wp:attachment":[{"href":"https:\/\/www.staging.joacomputacion.com\/index.php\/wp-json\/wp\/v2\/media?parent=719"}],"curies":[{"name":"wp","href":"https:\/\/api.w.org\/{rel}","templated":true}]}}