{"id":61,"date":"2015-08-20T21:23:43","date_gmt":"2015-08-21T03:23:43","guid":{"rendered":"http:\/\/www.joacomputacion.com\/?page_id=61"},"modified":"2019-12-03T14:56:27","modified_gmt":"2019-12-03T20:56:27","slug":"contactenos","status":"publish","type":"page","link":"https:\/\/www.staging.joacomputacion.com\/index.php\/contactenos\/","title":{"rendered":"Cont\u00e1ctenos"},"content":{"rendered":"<p><img loading=\"lazy\" decoding=\"async\" class=\"alignnone wp-image-222 size-full\" src=\"http:\/\/www.joacomputacion.com\/wp-content\/uploads\/2015\/08\/encabezados-contacto.jpg\" alt=\"encabezados-contacto\" width=\"1200\" height=\"300\" \/><\/p>\n<h2>Cont\u00e1ctenos<\/h2>\n<h2><strong><em>\u00a1Con gusto le atenderemos!<\/em><\/strong><\/h2>\n<p><strong>Tel\u00e9fonos Ciudad de M\u00e9xico (con 6 l\u00edneas)<\/strong><\/p>\n<p>55 5813-02-36<\/p>\n<p>55 5234-16-82<\/p>\n<p><strong>Del interior<\/strong><\/p>\n<p>Llame a 55 5813-02-36 \u00f3 55 5234-16-82 con el costo de una llamada local<\/p>\n<p><strong>Celular<\/strong><\/p>\n<p>55 21075614<\/p>\n<p><strong>Correo electr\u00f3nico<\/strong><\/p>\n<p><a href=\"mailto:ventas@joacomputacion.com\">ventas@joacomputacion.com<\/a><\/p>\n<p><strong>Ciudad de M\u00e9xico<\/strong><\/p>\n<p>Si requiere recibir soporte t\u00e9cnico, vaya a la siguiente liga para descargar la aplicaci\u00f3n para soporte:<\/p>\n<p>&nbsp;<\/p>\n","protected":false},"excerpt":{"rendered":"<p>Cont\u00e1ctenos \u00a1Con gusto le atenderemos! Tel\u00e9fonos Ciudad de M\u00e9xico (con 6 l\u00edneas) 55 5813-02-36 55 5234-16-82 Del interior Llame a 55 5813-02-36 \u00f3 55 5234-16-82 con el costo de una llamada local Celular 55 21075614 Correo electr\u00f3nico ventas@joacomputacion.com Ciudad de M\u00e9xico Si requiere recibir soporte t\u00e9cnico, vaya a la siguiente liga para descargar la aplicaci\u00f3n [&hellip;]<\/p>\n","protected":false},"author":1,"featured_media":0,"parent":0,"menu_order":0,"comment_status":"open","ping_status":"closed","template":"","meta":{"footnotes":""},"class_list":["post-61","page","type-page","status-publish","hentry"],"_links":{"self":[{"href":"https:\/\/www.staging.joacomputacion.com\/index.php\/wp-json\/wp\/v2\/pages\/61"}],"collection":[{"href":"https:\/\/www.staging.joacomputacion.com\/index.php\/wp-json\/wp\/v2\/pages"}],"about":[{"href":"https:\/\/www.staging.joacomputacion.com\/index.php\/wp-json\/wp\/v2\/types\/page"}],"author":[{"embeddable":true,"href":"https:\/\/www.staging.joacomputacion.com\/index.php\/wp-json\/wp\/v2\/users\/1"}],"replies":[{"embeddable":true,"href":"https:\/\/www.staging.joacomputacion.com\/index.php\/wp-json\/wp\/v2\/comments?post=61"}],"version-history":[{"count":36,"href":"https:\/\/www.staging.joacomputacion.com\/index.php\/wp-json\/wp\/v2\/pages\/61\/revisions"}],"predecessor-version":[{"id":717,"href":"https:\/\/www.staging.joacomputacion.com\/index.php\/wp-json\/wp\/v2\/pages\/61\/revisions\/717"}],"wp:attachment":[{"href":"https:\/\/www.staging.joacomputacion.com\/index.php\/wp-json\/wp\/v2\/media?parent=61"}],"curies":[{"name":"wp","href":"https:\/\/api.w.org\/{rel}","templated":true}]}}