{"id":51,"date":"2015-08-20T21:22:36","date_gmt":"2015-08-21T03:22:36","guid":{"rendered":"http:\/\/www.joacomputacion.com\/?page_id=51"},"modified":"2015-08-22T20:12:10","modified_gmt":"2015-08-23T02:12:10","slug":"quienes-somos","status":"publish","type":"page","link":"https:\/\/www.staging.joacomputacion.com\/index.php\/quienes-somos\/","title":{"rendered":"\u00bfQui\u00e9nes somos?"},"content":{"rendered":"<p><img loading=\"lazy\" decoding=\"async\" class=\"alignnone size-full wp-image-158\" src=\"http:\/\/www.joacomputacion.com\/wp-content\/uploads\/2015\/08\/encabezados-nosotros.jpg\" alt=\"encabezados-nosotros\" width=\"1200\" height=\"300\" srcset=\"https:\/\/www.staging.joacomputacion.com\/wp-content\/uploads\/2015\/08\/encabezados-nosotros.jpg 1200w, https:\/\/www.staging.joacomputacion.com\/wp-content\/uploads\/2015\/08\/encabezados-nosotros-300x75.jpg 300w, https:\/\/www.staging.joacomputacion.com\/wp-content\/uploads\/2015\/08\/encabezados-nosotros-1024x256.jpg 1024w, https:\/\/www.staging.joacomputacion.com\/wp-content\/uploads\/2015\/08\/encabezados-nosotros-639x160.jpg 639w\" sizes=\"(max-width: 1200px) 100vw, 1200px\" \/><\/p>\n<h2>Misi\u00f3n<\/h2>\n<p>Somos una firma que busca aumentar la competitividad de sus clientes brind\u00e1ndoles:<\/p>\n<ul>\n<li>Servicios profesionales de alta calidad<\/li>\n<li>Tecnolog\u00eda de vanguardia<\/li>\n<li>Soluciones acorde a sus necesidades<\/li>\n<\/ul>\n<p>Asimismo, en el trabajo perseguimos encontrar una fuente de realizaci\u00f3n de calidad de vida, para nosotros, para nuestras familias y para el medio en el que vivimos.<\/p>\n","protected":false},"excerpt":{"rendered":"<p>Misi\u00f3n Somos una firma que busca aumentar la competitividad de sus clientes brind\u00e1ndoles: Servicios profesionales de alta calidad Tecnolog\u00eda de vanguardia Soluciones acorde a sus necesidades Asimismo, en el trabajo perseguimos encontrar una fuente de realizaci\u00f3n de calidad de vida, para nosotros, para nuestras familias y para el medio en el que vivimos.<\/p>\n","protected":false},"author":1,"featured_media":0,"parent":0,"menu_order":0,"comment_status":"open","ping_status":"closed","template":"","meta":{"footnotes":""},"class_list":["post-51","page","type-page","status-publish","hentry"],"_links":{"self":[{"href":"https:\/\/www.staging.joacomputacion.com\/index.php\/wp-json\/wp\/v2\/pages\/51"}],"collection":[{"href":"https:\/\/www.staging.joacomputacion.com\/index.php\/wp-json\/wp\/v2\/pages"}],"about":[{"href":"https:\/\/www.staging.joacomputacion.com\/index.php\/wp-json\/wp\/v2\/types\/page"}],"author":[{"embeddable":true,"href":"https:\/\/www.staging.joacomputacion.com\/index.php\/wp-json\/wp\/v2\/users\/1"}],"replies":[{"embeddable":true,"href":"https:\/\/www.staging.joacomputacion.com\/index.php\/wp-json\/wp\/v2\/comments?post=51"}],"version-history":[{"count":5,"href":"https:\/\/www.staging.joacomputacion.com\/index.php\/wp-json\/wp\/v2\/pages\/51\/revisions"}],"predecessor-version":[{"id":164,"href":"https:\/\/www.staging.joacomputacion.com\/index.php\/wp-json\/wp\/v2\/pages\/51\/revisions\/164"}],"wp:attachment":[{"href":"https:\/\/www.staging.joacomputacion.com\/index.php\/wp-json\/wp\/v2\/media?parent=51"}],"curies":[{"name":"wp","href":"https:\/\/api.w.org\/{rel}","templated":true}]}}